{"id":251,"date":"2017-08-25T07:21:20","date_gmt":"2017-08-25T07:21:20","guid":{"rendered":"http:\/\/borkonyha.hu\/?page_id=251"},"modified":"2018-03-23T11:12:38","modified_gmt":"2018-03-23T11:12:38","slug":"stories","status":"publish","type":"page","link":"https:\/\/borkonyha.hu\/en\/stories\/","title":{"rendered":"Stories"},"content":{"rendered":"[mk_page_section bg_color=&#8221;#ffffff&#8221; attachment=&#8221;fixed&#8221; bg_position=&#8221;center top&#8221; bg_repeat=&#8221;no-repeat&#8221; bg_stretch=&#8221;true&#8221; video_opacity=&#8221;0.5&#8243; min_height=&#8221;300&#8243; sidebar=&#8221;sidebar-1&#8243;][vc_column][mk_fancy_title color=&#8221;#161616&#8243; size=&#8221;35&#8243; font_weight=&#8221;100&#8243; txt_transform=&#8221;uppercase&#8221; margin_top=&#8221;170&#8243; margin_bottom=&#8221;100&#8243; font_family=&#8221;none&#8221; align=&#8221;center&#8221;]Stories[\/mk_fancy_title][\/vc_column][\/mk_page_section][mk_page_section bg_image=&#8221;http:\/\/borkonyha.hu\/wp-content\/uploads\/2017\/08\/akos02.jpg&#8221; attachment=&#8221;fixed&#8221; bg_position=&#8221;center center&#8221; bg_repeat=&#8221;no-repeat&#8221; bg_stretch=&#8221;true&#8221; sidebar=&#8221;sidebar-1&#8243;][vc_column][mk_fancy_title color=&#8221;#ffffff&#8221; size=&#8221;25&#8243; font_weight=&#8221;100&#8243; txt_transform=&#8221;uppercase&#8221; margin_top=&#8221;170&#8243; margin_bottom=&#8221;100&#8243; font_family=&#8221;none&#8221; align=&#8221;center&#8221;]\u00c1kos S\u00e1rk\u00f6zi &#8211; Head Chef[\/mk_fancy_title][\/vc_column][\/mk_page_section][mk_page_section][vc_column][vc_empty_space height=&#8221;100px&#8221;][\/vc_column][vc_column width=&#8221;1\/2&#8243;][vc_column_text css=&#8221;.vc_custom_1503648890865{margin-bottom: 0px !important;}&#8221;]I studied catering in high school, even though I had dreamt of becoming a photographer since visual arts have always been important to me. This might explain why, while I prepare a dish, I always think in terms of colours and vision. I aspire to show the beauty of food to my guests.<br \/>\nI studied cooking watching my mother and I still often get inspired by family recipes.<br \/>\nAt the beginning of my career, I worked as a simple chef, but in the autumn of 2006, I was hired by the Alabardos restaurant. This is where I became familiar with fine dining. At the time, catering in Hungary was experiencing a new approach. I learnt new techniques and came across new ingredients. All these changes had a great effect on me: the world had become wider for me. After spending a few weeks in Vila Joya in Portugal (a restaurant with two Michelin stars), I realised that Hungary needed a similar type of catering.<br \/>\nIn 2010, Tam\u00e1s Horvath and Zoltan Kalocsai gave me the opportunity to head the kitchen of their new restaurant, Wine Kitchen. I threw myself into my first head chef job with fear and excitement. Since the opening, I have learnt and changed much. I have gained experience in leading a kitchen, inspiring a team and renewing continuously.[\/vc_column_text][\/vc_column][vc_column width=&#8221;1\/2&#8243;][vc_single_image image=&#8221;186&#8243; img_size=&#8221;480&#215;550&#8243;][\/vc_column][vc_column][vc_empty_space][vc_column_text css=&#8221;.vc_custom_1503648911525{margin-bottom: 0px !important;}&#8221;]What is the philosophy of my kitchen? I would like to lead a kitchen with lots of flavours. However, if I had to define just one style, I would say &#8220;free&#8221;. I get inspired by the gastronomy of Transylvania, but I also use ingredients from countries such as Spain, France or Italy. I would like to show the varied faces of Hungarian cooking using modern technologies.[\/vc_column_text][vc_empty_space height=&#8221;60px&#8221;][\/vc_column][\/mk_page_section][mk_page_section bg_image=&#8221;http:\/\/borkonyha.hu\/wp-content\/uploads\/2017\/08\/csaba.jpg&#8221; attachment=&#8221;fixed&#8221; bg_position=&#8221;center center&#8221; bg_repeat=&#8221;no-repeat&#8221; bg_stretch=&#8221;true&#8221; sidebar=&#8221;sidebar-1&#8243;][vc_column][mk_fancy_title color=&#8221;#ffffff&#8221; size=&#8221;25&#8243; font_weight=&#8221;100&#8243; txt_transform=&#8221;uppercase&#8221; margin_top=&#8221;170&#8243; margin_bottom=&#8221;100&#8243; font_family=&#8221;none&#8221; align=&#8221;center&#8221;]Pusk\u00e1s Csaba &#8211; Sous Chef[\/mk_fancy_title][\/vc_column][\/mk_page_section][mk_page_section][vc_column][vc_empty_space height=&#8221;100px&#8221;][\/vc_column][vc_column width=&#8221;1\/2&#8243;][vc_single_image image=&#8221;143&#8243; img_size=&#8221;480&#215;570&#8243;][\/vc_column][vc_column width=&#8221;1\/2&#8243;][vc_column_text css=&#8221;.vc_custom_1503574708874{margin-bottom: 0px !important;}&#8221;]Amikor Csaba a Bock Bistrot elhagyta, \u00e9ppen k\u00fclf\u00f6ldre ment volna dolgozni, amikor Tam\u00e1s meggy\u0151zte, hogy ink\u00e1bb j\u00f6jj\u00f6n a Borkonyh\u00e1ba. Itt azt\u00e1n r\u00f6vid id\u0151 ut\u00e1n S\u00e1rk\u00f6zi \u00c1kos bizalmi ember\u00e9v\u00e9 v\u00e1lt. \u201e\u00c9rdekes azt mondani ebben a szakm\u00e1ban, hogy itt tal\u00e1ltam meg a nyugalmat.\u201d \u2013 \u00e1rulta el Csaba, akire els\u0151sorban S\u00e1rk\u00f6zi \u00c1kos kisug\u00e1rz\u00e1sa hatott j\u00f3t\u00e9konyan. Ha valami ugyanis nem ment, akkor nem a letorkoll\u00e1s k\u00f6vetkezett, hanem a s\u00e9f m\u00e9g egyszer megmutatta. Csab\u00e1nak az is tetszett a helyben, hogy hagyj\u00e1k az embereket \u00e9rv\u00e9nyes\u00fclni.<br \/>\nEddig arra a legb\u00fcszk\u00e9bb, amikor az egyik ny\u00e1ri \u00e9tlap meg\u00edr\u00e1s\u00e1t \u00c1kos r\u00e1b\u00edzta, \u00e9s a k\u00edn\u00e1lt \u00e9telek m\u0171k\u00f6dtek is, mert tetszettek a vend\u00e9geknek. A fog\u00e1sok megalkot\u00e1s\u00e1n\u00e1l ugyan szabadkeze volt, de a s\u00e9ffel egy\u00fctt folyamatosan k\u00f3stolt\u00e1k az \u00e9teleket, \u00e9s persze tan\u00e1csokat is kapott.<br \/>\nA szakm\u00e1ban Csaba a kreativit\u00e1st \u00e9rt\u00e9keli a legjobban. P\u00e9ld\u00e1ul, hogy egy-egy alapanyagot \u00fagy \u00e1t lehet alak\u00edtani, hogy azt nem is gondoln\u00e1 az ember, mint p\u00e9ld\u00e1ul a m\u00e1r eml\u00edtett t\u00e1pi\u00f3kachips eset\u00e9ben. Csaba \u00c1kos st\u00edlus\u00e1ban is ezt a kreativit\u00e1st kedveli, amit nagyon laz\u00e1n \u00e9s szabadon k\u00e9pes alkalmazni: \u201eszinte b\u00e1rmi beker\u00fclhet b\u00e1rmi mell\u00e9\u201d.<br \/>\nSzereti azt is, amikor feszes a ritmus, \u00e9s v\u00e9gig lehet p\u00f6r\u00f6gni. A nap v\u00e9g\u00e9n pedig ki lehet engedni.<br \/>\nCsaba szerint a Michelin Csillag ut\u00e1n nem is lett olyan nagy a v\u00e1ltoz\u00e1s, mert \u00e9ppen \u00fagy f\u0151znek, mint el\u0151tte, csak t\u00f6bb emberre volt sz\u00fcks\u00e9g\u00fck, hogy a megn\u00f6vekedett forgalmat ki tudj\u00e1k szolg\u00e1lni. A vacsor\u00e1k ugyan telt\u00adh\u00e1zasok voltak m\u00e1r akkor is, de a csillag \u00f3ta az eb\u00e9dek is azok lettek.[\/vc_column_text][\/vc_column][vc_column][vc_empty_space][vc_empty_space height=&#8221;60px&#8221;][\/vc_column][\/mk_page_section][mk_page_section bg_image=&#8221;http:\/\/borkonyha.hu\/wp-content\/uploads\/2017\/08\/galeriaba.jpg&#8221; attachment=&#8221;fixed&#8221; bg_position=&#8221;center top&#8221; bg_repeat=&#8221;no-repeat&#8221; bg_stretch=&#8221;true&#8221; sidebar=&#8221;sidebar-1&#8243;][vc_column][mk_fancy_title color=&#8221;#ffffff&#8221; size=&#8221;25&#8243; font_weight=&#8221;100&#8243; txt_transform=&#8221;uppercase&#8221; margin_top=&#8221;170&#8243; margin_bottom=&#8221;100&#8243; font_family=&#8221;none&#8221; align=&#8221;center&#8221;]Tam\u00e1s Horv\u00e1th and Zolt\u00e1n Kalocsai &#8211; Owners[\/mk_fancy_title][\/vc_column][\/mk_page_section][mk_page_section][vc_column][vc_empty_space height=&#8221;100px&#8221;][vc_column_text css=&#8221;.vc_custom_1503648816407{margin-bottom: 0px !important;}&#8221;]Opening Winekitchen was a fulfilment of a more-than-a-decade-old dream. Having left Restaurant M\u00e1gn\u00e1skert, we set off on different professional paths that led us to Bock Bistro and Bort\u00e1rsas\u00e1g. But our friendship and family ties stayed strong over the years, therefore it was obvious that may opportunity come, we would open a restaurant together.<br \/>\nWinekitchen, as we see it, is a blend of a French-style bistro and a contemporary family restaurant offering the best of Hungarian cuisine. The name Winekitchen speaks for itself. The concept is based on the wide and diverse wine list, the delicious food and the personal and relaxed service.<br \/>\nOur wine assortment includes 200 different, mostly Hungarian wines that represent not only the well-known wineries, but also small and yet-to-be-discovered cellars. We offer 48 wines by the glass at a time and have a temperature-controlled wine shelf with 1200-bottle-capacity so that you could buy wine by the bottle at a reasonable price for either take-away or drinking it on spot.<br \/>\nOur cuisine is based on fresh, even daily purchased ingredients and on the weekly-fortnightly changing offers written on the black board. Our chef, \u00c1kos S\u00e1rk\u00f6zi has been with us from the first moment. We appreciate his knowledge and genuineness, professionalism showed while working in Restaurant Alab\u00e1rdos, his continuous success in the Tradition and Evolution competition, and the experiences he gained as a stage in the Portuguese two-Michelin-star Restaurant Villa Joya.<br \/>\nThe proof of the pudding is in the eating, so come and visit us and we hope that you will become a regular guest at Winekitchen.<\/p>\n<p>Owners Tam\u00e1s Horv\u00e1th and Zolt\u00e1n Kalocsai[\/vc_column_text][\/vc_column][vc_column][vc_empty_space height=&#8221;100px&#8221;][\/vc_column][\/mk_page_section]\n","protected":false},"excerpt":{"rendered":"<p>[mk_page_section bg_color=&#8221;#ffffff&#8221; attachment=&#8221;fixed&#8221; bg_position=&#8221;center top&#8221; bg_repeat=&#8221;no-repeat&#8221; bg_stretch=&#8221;true&#8221; video_opacity=&#8221;0.5&#8243; min_height=&#8221;300&#8243; sidebar=&#8221;sidebar-1&#8243;][vc_column][mk_fancy_title color=&#8221;#161616&#8243; size=&#8221;35&#8243; font_weight=&#8221;100&#8243; txt_transform=&#8221;uppercase&#8221; margin_top=&#8221;170&#8243; margin_bottom=&#8221;100&#8243; font_family=&#8221;none&#8221; align=&#8221;center&#8221;]Stories[\/mk_fancy_title][\/vc_column][\/mk_page_section][mk_page_section bg_image=&#8221;http:\/\/borkonyha.hu\/wp-content\/uploads\/2017\/08\/akos02.jpg&#8221; attachment=&#8221;fixed&#8221; bg_position=&#8221;center center&#8221; bg_repeat=&#8221;no-repeat&#8221; bg_stretch=&#8221;true&#8221; sidebar=&#8221;sidebar-1&#8243;][vc_column][mk_fancy_title color=&#8221;#ffffff&#8221; size=&#8221;25&#8243; font_weight=&#8221;100&#8243; txt_transform=&#8221;uppercase&#8221; margin_top=&#8221;170&#8243; margin_bottom=&#8221;100&#8243; font_family=&#8221;none&#8221; align=&#8221;center&#8221;]\u00c1kos S\u00e1rk\u00f6zi &#8211; Head Chef[\/mk_fancy_title][\/vc_column][\/mk_page_section][mk_page_section][vc_column][vc_empty_space height=&#8221;100px&#8221;][\/vc_column][vc_column width=&#8221;1\/2&#8243;][vc_column_text css=&#8221;.vc_custom_1503648890865{margin-bottom: 0px !important;}&#8221;]I studied catering in high school, even though I had dreamt of becoming a [&hellip;]<\/p>\n","protected":false},"author":1,"featured_media":0,"parent":0,"menu_order":0,"comment_status":"closed","ping_status":"closed","template":"","meta":{"_acf_changed":false,"inline_featured_image":false,"footnotes":""},"class_list":["post-251","page","type-page","status-publish","hentry"],"acf":[],"yoast_head":"<!-- This site is optimized with the Yoast SEO plugin v27.3 - https:\/\/yoast.com\/product\/yoast-seo-wordpress\/ -->\n<title>Stories - Borkonyha<\/title>\n<meta name=\"robots\" content=\"index, follow, max-snippet:-1, max-image-preview:large, max-video-preview:-1\" \/>\n<link rel=\"canonical\" href=\"https:\/\/borkonyha.hu\/en\/stories\/\" \/>\n<meta property=\"og:locale\" content=\"en_US\" \/>\n<meta property=\"og:type\" content=\"article\" \/>\n<meta property=\"og:title\" content=\"Stories - Borkonyha\" \/>\n<meta property=\"og:description\" content=\"[mk_page_section bg_color=&#8221;#ffffff&#8221; attachment=&#8221;fixed&#8221; bg_position=&#8221;center top&#8221; bg_repeat=&#8221;no-repeat&#8221; bg_stretch=&#8221;true&#8221; video_opacity=&#8221;0.5&#8243; min_height=&#8221;300&#8243; sidebar=&#8221;sidebar-1&#8243;][vc_column][mk_fancy_title color=&#8221;#161616&#8243; size=&#8221;35&#8243; font_weight=&#8221;100&#8243; txt_transform=&#8221;uppercase&#8221; margin_top=&#8221;170&#8243; margin_bottom=&#8221;100&#8243; font_family=&#8221;none&#8221; align=&#8221;center&#8221;]Stories[\/mk_fancy_title][\/vc_column][\/mk_page_section][mk_page_section bg_image=&#8221;http:\/\/borkonyha.hu\/wp-content\/uploads\/2017\/08\/akos02.jpg&#8221; attachment=&#8221;fixed&#8221; bg_position=&#8221;center center&#8221; bg_repeat=&#8221;no-repeat&#8221; bg_stretch=&#8221;true&#8221; sidebar=&#8221;sidebar-1&#8243;][vc_column][mk_fancy_title color=&#8221;#ffffff&#8221; size=&#8221;25&#8243; font_weight=&#8221;100&#8243; txt_transform=&#8221;uppercase&#8221; margin_top=&#8221;170&#8243; margin_bottom=&#8221;100&#8243; font_family=&#8221;none&#8221; align=&#8221;center&#8221;]\u00c1kos S\u00e1rk\u00f6zi &#8211; Head Chef[\/mk_fancy_title][\/vc_column][\/mk_page_section][mk_page_section][vc_column][vc_empty_space height=&#8221;100px&#8221;][\/vc_column][vc_column width=&#8221;1\/2&#8243;][vc_column_text css=&#8221;.vc_custom_1503648890865{margin-bottom: 0px !important;}&#8221;]I studied catering in high school, even though I had dreamt of becoming a [&hellip;]\" \/>\n<meta property=\"og:url\" content=\"https:\/\/borkonyha.hu\/en\/stories\/\" \/>\n<meta property=\"og:site_name\" content=\"Borkonyha\" \/>\n<meta property=\"article:modified_time\" content=\"2018-03-23T11:12:38+00:00\" \/>\n<meta property=\"og:image\" content=\"https:\/\/borkonyha.hu\/wp-content\/uploads\/2017\/08\/img_1995.jpg\" \/>\n\t<meta property=\"og:image:width\" content=\"900\" \/>\n\t<meta property=\"og:image:height\" content=\"600\" \/>\n\t<meta property=\"og:image:type\" content=\"image\/jpeg\" \/>\n<meta name=\"twitter:card\" content=\"summary_large_image\" \/>\n<meta name=\"twitter:label1\" content=\"Est. reading time\" \/>\n\t<meta name=\"twitter:data1\" content=\"6 minutes\" \/>\n<script type=\"application\/ld+json\" class=\"yoast-schema-graph\">{\"@context\":\"https:\\\/\\\/schema.org\",\"@graph\":[{\"@type\":\"WebPage\",\"@id\":\"https:\\\/\\\/borkonyha.hu\\\/en\\\/stories\\\/\",\"url\":\"https:\\\/\\\/borkonyha.hu\\\/en\\\/stories\\\/\",\"name\":\"Stories - Borkonyha\",\"isPartOf\":{\"@id\":\"https:\\\/\\\/borkonyha.hu\\\/#website\"},\"datePublished\":\"2017-08-25T07:21:20+00:00\",\"dateModified\":\"2018-03-23T11:12:38+00:00\",\"breadcrumb\":{\"@id\":\"https:\\\/\\\/borkonyha.hu\\\/en\\\/stories\\\/#breadcrumb\"},\"inLanguage\":\"en-US\",\"potentialAction\":[{\"@type\":\"ReadAction\",\"target\":[\"https:\\\/\\\/borkonyha.hu\\\/en\\\/stories\\\/\"]}]},{\"@type\":\"BreadcrumbList\",\"@id\":\"https:\\\/\\\/borkonyha.hu\\\/en\\\/stories\\\/#breadcrumb\",\"itemListElement\":[{\"@type\":\"ListItem\",\"position\":1,\"name\":\"Home\",\"item\":\"https:\\\/\\\/borkonyha.hu\\\/en\\\/\"},{\"@type\":\"ListItem\",\"position\":2,\"name\":\"Stories\"}]},{\"@type\":\"WebSite\",\"@id\":\"https:\\\/\\\/borkonyha.hu\\\/#website\",\"url\":\"https:\\\/\\\/borkonyha.hu\\\/\",\"name\":\"Borkonyha\",\"description\":\"\",\"potentialAction\":[{\"@type\":\"SearchAction\",\"target\":{\"@type\":\"EntryPoint\",\"urlTemplate\":\"https:\\\/\\\/borkonyha.hu\\\/?s={search_term_string}\"},\"query-input\":{\"@type\":\"PropertyValueSpecification\",\"valueRequired\":true,\"valueName\":\"search_term_string\"}}],\"inLanguage\":\"en-US\"}]}<\/script>\n<!-- \/ Yoast SEO plugin. -->","yoast_head_json":{"title":"Stories - Borkonyha","robots":{"index":"index","follow":"follow","max-snippet":"max-snippet:-1","max-image-preview":"max-image-preview:large","max-video-preview":"max-video-preview:-1"},"canonical":"https:\/\/borkonyha.hu\/en\/stories\/","og_locale":"en_US","og_type":"article","og_title":"Stories - Borkonyha","og_description":"[mk_page_section bg_color=&#8221;#ffffff&#8221; attachment=&#8221;fixed&#8221; bg_position=&#8221;center top&#8221; bg_repeat=&#8221;no-repeat&#8221; bg_stretch=&#8221;true&#8221; video_opacity=&#8221;0.5&#8243; min_height=&#8221;300&#8243; sidebar=&#8221;sidebar-1&#8243;][vc_column][mk_fancy_title color=&#8221;#161616&#8243; size=&#8221;35&#8243; font_weight=&#8221;100&#8243; txt_transform=&#8221;uppercase&#8221; margin_top=&#8221;170&#8243; margin_bottom=&#8221;100&#8243; font_family=&#8221;none&#8221; align=&#8221;center&#8221;]Stories[\/mk_fancy_title][\/vc_column][\/mk_page_section][mk_page_section bg_image=&#8221;http:\/\/borkonyha.hu\/wp-content\/uploads\/2017\/08\/akos02.jpg&#8221; attachment=&#8221;fixed&#8221; bg_position=&#8221;center center&#8221; bg_repeat=&#8221;no-repeat&#8221; bg_stretch=&#8221;true&#8221; sidebar=&#8221;sidebar-1&#8243;][vc_column][mk_fancy_title color=&#8221;#ffffff&#8221; size=&#8221;25&#8243; font_weight=&#8221;100&#8243; txt_transform=&#8221;uppercase&#8221; margin_top=&#8221;170&#8243; margin_bottom=&#8221;100&#8243; font_family=&#8221;none&#8221; align=&#8221;center&#8221;]\u00c1kos S\u00e1rk\u00f6zi &#8211; Head Chef[\/mk_fancy_title][\/vc_column][\/mk_page_section][mk_page_section][vc_column][vc_empty_space height=&#8221;100px&#8221;][\/vc_column][vc_column width=&#8221;1\/2&#8243;][vc_column_text css=&#8221;.vc_custom_1503648890865{margin-bottom: 0px !important;}&#8221;]I studied catering in high school, even though I had dreamt of becoming a [&hellip;]","og_url":"https:\/\/borkonyha.hu\/en\/stories\/","og_site_name":"Borkonyha","article_modified_time":"2018-03-23T11:12:38+00:00","og_image":[{"width":900,"height":600,"url":"https:\/\/borkonyha.hu\/wp-content\/uploads\/2017\/08\/img_1995.jpg","type":"image\/jpeg"}],"twitter_card":"summary_large_image","twitter_misc":{"Est. reading time":"6 minutes"},"schema":{"@context":"https:\/\/schema.org","@graph":[{"@type":"WebPage","@id":"https:\/\/borkonyha.hu\/en\/stories\/","url":"https:\/\/borkonyha.hu\/en\/stories\/","name":"Stories - Borkonyha","isPartOf":{"@id":"https:\/\/borkonyha.hu\/#website"},"datePublished":"2017-08-25T07:21:20+00:00","dateModified":"2018-03-23T11:12:38+00:00","breadcrumb":{"@id":"https:\/\/borkonyha.hu\/en\/stories\/#breadcrumb"},"inLanguage":"en-US","potentialAction":[{"@type":"ReadAction","target":["https:\/\/borkonyha.hu\/en\/stories\/"]}]},{"@type":"BreadcrumbList","@id":"https:\/\/borkonyha.hu\/en\/stories\/#breadcrumb","itemListElement":[{"@type":"ListItem","position":1,"name":"Home","item":"https:\/\/borkonyha.hu\/en\/"},{"@type":"ListItem","position":2,"name":"Stories"}]},{"@type":"WebSite","@id":"https:\/\/borkonyha.hu\/#website","url":"https:\/\/borkonyha.hu\/","name":"Borkonyha","description":"","potentialAction":[{"@type":"SearchAction","target":{"@type":"EntryPoint","urlTemplate":"https:\/\/borkonyha.hu\/?s={search_term_string}"},"query-input":{"@type":"PropertyValueSpecification","valueRequired":true,"valueName":"search_term_string"}}],"inLanguage":"en-US"}]}},"_links":{"self":[{"href":"https:\/\/borkonyha.hu\/en\/wp-json\/wp\/v2\/pages\/251","targetHints":{"allow":["GET"]}}],"collection":[{"href":"https:\/\/borkonyha.hu\/en\/wp-json\/wp\/v2\/pages"}],"about":[{"href":"https:\/\/borkonyha.hu\/en\/wp-json\/wp\/v2\/types\/page"}],"author":[{"embeddable":true,"href":"https:\/\/borkonyha.hu\/en\/wp-json\/wp\/v2\/users\/1"}],"replies":[{"embeddable":true,"href":"https:\/\/borkonyha.hu\/en\/wp-json\/wp\/v2\/comments?post=251"}],"version-history":[{"count":0,"href":"https:\/\/borkonyha.hu\/en\/wp-json\/wp\/v2\/pages\/251\/revisions"}],"wp:attachment":[{"href":"https:\/\/borkonyha.hu\/en\/wp-json\/wp\/v2\/media?parent=251"}],"curies":[{"name":"wp","href":"https:\/\/api.w.org\/{rel}","templated":true}]}}